{"id":203,"date":"2023-08-14T14:33:26","date_gmt":"2023-08-14T11:33:26","guid":{"rendered":"https:\/\/youthparticipation.humak.fi\/international-partners\/"},"modified":"2025-10-13T08:29:45","modified_gmt":"2025-10-13T05:29:45","slug":"international-partners","status":"publish","type":"page","link":"https:\/\/youthparticipation.humak.fi\/en\/international-partners\/","title":{"rendered":"International partners"},"content":{"rendered":"\n<h2 class=\"wp-block-heading\">France<\/h2>\n\n\n\n<p><strong>Emmanuelle Maunaye<\/strong>, Lecturer in sociology, University of Rennes, University institute of technology, social careers department, Ar\u00e8nes UMR 6051, Emmanuelle.maunaye(at)univ-rennes.fr<\/p>\n\n\n\n<p><\/p>\n\n\n\n<h2 class=\"wp-block-heading\">Germany<\/h2>\n\n\n\n<p>Technische Hochschule K\u00f6ln (University of applied science Cologne), Institute for Childhood, Youth, Family and Adults, department nonformal education<\/p>\n\n\n\n<p><strong>Nils Wenzler<\/strong>, Dr. Phil. Nils.wenzler(at)th-koeln.de<br><strong>Anneli Haase<\/strong>, B.A. anneli_katie.haase(at)th-koeln.de<br><strong>Mona Wolf<\/strong>, B.A. mona.wolf(at)th-koeln.de<br><strong>Luisa Uellendahl<\/strong>, luisa.uellendahl(at)smail.th-koeln.de<\/p>\n\n\n\n<p>Collaborating with<br><strong>Dorothea Nagel<\/strong>, M.A. dorothea.ewald(at)ife.uzh.ch<br>Universit\u00e4t Z\u00fcrich, Institut f\u00fcr Erziehungswissenschaft, Lehrstuhl f\u00fcr ausserschulische Bildung und Erziehung, Switzerland<\/p>\n\n\n\n<p><\/p>\n\n\n\n<h2 class=\"wp-block-heading\">Italy<\/h2>\n\n\n\n<p><strong>Daniele Morciano<\/strong>, Research Associate in Sociology of culture, education and communication,<br>University of Bari, Department of Education Sciences, Psychology and Communication, daniele.morciano(at)uniba.it<\/p>\n\n\n\n<p><strong>Diego Mesa<\/strong>, Adjunct Professor of Sociology of family, Universit\u00e0 Cattolica del Sacro Cuore of Milan, Department of Sociology, diego.mesa(at)unicatt.it<\/p>\n\n\n\n<p><\/p>\n\n\n\n<h2 class=\"wp-block-heading\">T\u00fcrkiye<\/h2>\n\n\n\n<p><strong>Hakan G\u00fclerce<\/strong>, Assoc. Prof. Dr., Harran University, Department of Sociology<br>Director, Harran University, Migration Policies Application and Research Center, hakangulerce(at)harran.edu.tr<\/p>\n\n\n\n<p>Collaborating with<\/p>\n\n\n\n<p class=\"has-large-font-size\"><strong>UK<\/strong><\/p>\n\n\n\n<p><strong>Jon Ord<\/strong>, Prof., Programme leader MA in Social Policy at Plymouth Marjon University, jord(at)marjon.ac.uk<\/p>\n","protected":false},"excerpt":{"rendered":"<p>France Emmanuelle Maunaye, Lecturer in sociology, University of Rennes, University institute of technology, social careers department, Ar\u00e8nes UMR 6051, Emmanuelle.maunaye(at)univ-rennes.fr Germany Technische Hochschule K\u00f6ln (University of applied science Cologne), Institute for Childhood, Youth, Family and Adults, department nonformal education Nils Wenzler, Dr. Phil. Nils.wenzler(at)th-koeln.deAnneli Haase, B.A. anneli_katie.haase(at)th-koeln.deMona Wolf, B.A. mona.wolf(at)th-koeln.deLuisa Uellendahl, luisa.uellendahl(at)smail.th-koeln.de Collaborating withDorothea Nagel, &hellip;<\/p>\n","protected":false},"author":13,"featured_media":0,"parent":0,"menu_order":0,"comment_status":"closed","ping_status":"closed","template":"template-fullwidth.php","meta":{"_acf_changed":false,"footnotes":""},"class_list":["post-203","page","type-page","status-publish","hentry"],"acf":[],"_links":{"self":[{"href":"https:\/\/youthparticipation.humak.fi\/en\/wp-json\/wp\/v2\/pages\/203","targetHints":{"allow":["GET"]}}],"collection":[{"href":"https:\/\/youthparticipation.humak.fi\/en\/wp-json\/wp\/v2\/pages"}],"about":[{"href":"https:\/\/youthparticipation.humak.fi\/en\/wp-json\/wp\/v2\/types\/page"}],"author":[{"embeddable":true,"href":"https:\/\/youthparticipation.humak.fi\/en\/wp-json\/wp\/v2\/users\/13"}],"replies":[{"embeddable":true,"href":"https:\/\/youthparticipation.humak.fi\/en\/wp-json\/wp\/v2\/comments?post=203"}],"version-history":[{"count":14,"href":"https:\/\/youthparticipation.humak.fi\/en\/wp-json\/wp\/v2\/pages\/203\/revisions"}],"predecessor-version":[{"id":384,"href":"https:\/\/youthparticipation.humak.fi\/en\/wp-json\/wp\/v2\/pages\/203\/revisions\/384"}],"wp:attachment":[{"href":"https:\/\/youthparticipation.humak.fi\/en\/wp-json\/wp\/v2\/media?parent=203"}],"curies":[{"name":"wp","href":"https:\/\/api.w.org\/{rel}","templated":true}]}}