{"id":38,"date":"2023-04-13T10:12:16","date_gmt":"2023-04-13T07:12:16","guid":{"rendered":"https:\/\/youthparticipation.humak.fi\/blog\/"},"modified":"2023-10-27T17:01:16","modified_gmt":"2023-10-27T14:01:16","slug":"blog","status":"publish","type":"page","link":"https:\/\/youthparticipation.humak.fi\/en\/blog\/","title":{"rendered":"Blog"},"content":{"rendered":"\n<p><\/p>\n\n\n\n<h2 class=\"wp-block-heading\">23.10.2023 &#8220;Osallisuus ehk\u00e4isee nuorten v\u00e4kivaltarikoksia \u2013 J\u00e4rjest\u00f6toiminta ja nuorten osallisuus&#8221;<\/h2>\n\n\n\n<p>The blog article &#8220;Osallisuus ehk\u00e4isee nuorten v\u00e4kivaltarikoksia \u2013 J\u00e4rjest\u00f6toiminta ja nuorten osallisuus&#8221; is published in Humak UAS &#8216;Harticles&#8217;. The article discusses how NGOs can enhance youth participation when organising leasure time activities.<br><a href=\"https:\/\/www.humak.fi\/harticlet\/osallisuus-ehkaisee-nuorten-vakivaltarikoksia-jarjestotoiminta-ja-nuorten-osallisuus\/\" data-type=\"link\" data-id=\"https:\/\/www.humak.fi\/harticlet\/osallisuus-ehkaisee-nuorten-vakivaltarikoksia-jarjestotoiminta-ja-nuorten-osallisuus\/\">Read more<\/a><\/p>\n\n\n\n<div style=\"height:100px\" aria-hidden=\"true\" class=\"wp-block-spacer\"><\/div>\n\n\n\n<h2 class=\"wp-block-heading\">Huteja ja Osumia Osallisuudesta -blog series<\/h2>\n\n\n\n<div class=\"wp-block-columns is-layout-flex wp-container-core-columns-is-layout-9d6595d7 wp-block-columns-is-layout-flex\">\n<div class=\"wp-block-column is-layout-flow wp-block-column-is-layout-flow\">\n<div class=\"wp-block-columns is-layout-flex wp-container-core-columns-is-layout-9d6595d7 wp-block-columns-is-layout-flex\">\n<div class=\"wp-block-column is-layout-flow wp-block-column-is-layout-flow\">\n<div class=\"wp-block-cover is-light\" style=\"min-height:250px;aspect-ratio:unset;\"><span aria-hidden=\"true\" class=\"wp-block-cover__background has-background-dim-100 has-background-dim\" style=\"background-color:#fef4af\"><\/span><div class=\"wp-block-cover__inner-container is-layout-flow wp-block-cover-is-layout-flow\">\n<p class=\"has-text-align-center has-medium-font-size\"><strong>Huteja ja Osumia Osallisuudesta -blog series: Part 1\/4<\/strong><\/p>\n\n\n\n<p class=\"has-text-align-center\"><em>Claim: The most effective way to support the participation of young people is to strengthen their influence in political decision-making<\/em><\/p>\n\n\n\n<div class=\"wp-block-buttons is-content-justification-center is-layout-flex wp-container-core-buttons-is-layout-16018d1d wp-block-buttons-is-layout-flex\">\n<div class=\"wp-block-button\"><a class=\"wp-block-button__link has-white-color has-black-background-color has-text-color has-background wp-element-button\" href=\"https:\/\/www.humak.fi\/blogit\/huteja-ja-osumia-osallisuudesta-blogisarja-osa-1-4\/\" style=\"border-radius:0px\" target=\"_blank\" rel=\"noreferrer noopener\"><strong>Read more<\/strong><\/a><\/div>\n<\/div>\n<\/div><\/div>\n<\/div>\n\n\n\n<div class=\"wp-block-column is-layout-flow wp-block-column-is-layout-flow\">\n<div class=\"wp-block-cover is-light\" style=\"min-height:250px;aspect-ratio:unset;\"><span aria-hidden=\"true\" class=\"wp-block-cover__background has-background-dim-100 has-background-dim\" style=\"background-color:#bfe3ef\"><\/span><div class=\"wp-block-cover__inner-container is-layout-flow wp-block-cover-is-layout-flow\">\n<p class=\"has-text-align-center has-medium-font-size\"><strong>Huteja ja Osumia Osallisuudesta -blog series: Part 2\/4<\/strong><\/p>\n\n\n\n<p class=\"has-text-align-center\"><em>Claim: Young people should be listened to more in the climate debate<\/em><\/p>\n\n\n\n<div class=\"wp-block-buttons is-content-justification-center is-layout-flex wp-container-core-buttons-is-layout-16018d1d wp-block-buttons-is-layout-flex\">\n<div class=\"wp-block-button\"><a class=\"wp-block-button__link has-white-color has-black-background-color has-text-color has-background wp-element-button\" href=\"https:\/\/www.humak.fi\/blogit\/huteja-ja-osumia-osallisuudesta-blogisarja-osa-2-4\/\" style=\"border-radius:0px\" target=\"_blank\" rel=\"noreferrer noopener\"><strong>Read more<\/strong><\/a><\/div>\n<\/div>\n<\/div><\/div>\n<\/div>\n<\/div>\n<\/div>\n\n\n\n<div class=\"wp-block-column is-layout-flow wp-block-column-is-layout-flow\">\n<div class=\"wp-block-columns is-layout-flex wp-container-core-columns-is-layout-9d6595d7 wp-block-columns-is-layout-flex\">\n<div class=\"wp-block-column is-layout-flow wp-block-column-is-layout-flow\">\n<div class=\"wp-block-cover is-light\" style=\"min-height:250px;aspect-ratio:unset;\"><span aria-hidden=\"true\" class=\"wp-block-cover__background has-background-dim-100 has-background-dim\" style=\"background-color:#fef4af\"><\/span><div class=\"wp-block-cover__inner-container is-layout-flow wp-block-cover-is-layout-flow\">\n<p class=\"has-text-align-center has-medium-font-size\"><strong>Huteja ja Osumia Osallisuudesta -blog series: Part 3\/4<\/strong><\/p>\n\n\n\n<p class=\"has-text-align-center\"><em>Claim: Digitalization is an opportunity for stronger participation for young people<\/em><\/p>\n\n\n\n<div class=\"wp-block-buttons is-content-justification-center is-layout-flex wp-container-core-buttons-is-layout-16018d1d wp-block-buttons-is-layout-flex\">\n<div class=\"wp-block-button\"><a class=\"wp-block-button__link has-white-color has-black-background-color has-text-color has-background wp-element-button\" href=\"https:\/\/www.humak.fi\/blogit\/huteja-ja-osumia-osallisuudesta-blogisarja-osa-3-4\/\" style=\"border-radius:0px\" target=\"_blank\" rel=\"noreferrer noopener\"><strong>Read more<\/strong><\/a><\/div>\n<\/div>\n<\/div><\/div>\n<\/div>\n\n\n\n<div class=\"wp-block-column is-layout-flow wp-block-column-is-layout-flow\">\n<div class=\"wp-block-cover is-light\" style=\"min-height:250px;aspect-ratio:unset;\"><span aria-hidden=\"true\" class=\"wp-block-cover__background has-background-dim-100 has-background-dim\" style=\"background-color:#bfe3ef\"><\/span><div class=\"wp-block-cover__inner-container is-layout-flow wp-block-cover-is-layout-flow\">\n<p class=\"has-text-align-center has-medium-font-size\"><strong>Huteja ja Osumia Osallisuudesta -blog series: Part 4\/4<\/strong><\/p>\n\n\n\n<p class=\"has-text-align-center\"><em>Claim: A young person can be lonely despite friends.<\/em><\/p>\n\n\n\n<div class=\"wp-block-buttons is-content-justification-center is-layout-flex wp-container-core-buttons-is-layout-16018d1d wp-block-buttons-is-layout-flex\">\n<div class=\"wp-block-button\"><a class=\"wp-block-button__link has-white-color has-black-background-color has-text-color has-background wp-element-button\" href=\"https:\/\/www.humak.fi\/blogit\/huteja-ja-osumia-osallisuudesta-blogisarja-osa-4-4\/\" style=\"border-radius:0px\" target=\"_blank\" rel=\"noreferrer noopener\"><strong>Read more<\/strong><\/a><\/div>\n<\/div>\n<\/div><\/div>\n<\/div>\n<\/div>\n<\/div>\n<\/div>\n","protected":false},"excerpt":{"rendered":"<p>23.10.2023 &#8220;Osallisuus ehk\u00e4isee nuorten v\u00e4kivaltarikoksia \u2013 J\u00e4rjest\u00f6toiminta ja nuorten osallisuus&#8221; The blog article &#8220;Osallisuus ehk\u00e4isee nuorten v\u00e4kivaltarikoksia \u2013 J\u00e4rjest\u00f6toiminta ja nuorten osallisuus&#8221; is published in Humak UAS &#8216;Harticles&#8217;. The article discusses how NGOs can enhance youth participation when organising leasure time activities.Read more Huteja ja Osumia Osallisuudesta -blog series<\/p>\n","protected":false},"author":13,"featured_media":0,"parent":0,"menu_order":0,"comment_status":"closed","ping_status":"closed","template":"template-fullwidth.php","meta":{"_acf_changed":false,"footnotes":""},"class_list":["post-38","page","type-page","status-publish","hentry"],"acf":[],"_links":{"self":[{"href":"https:\/\/youthparticipation.humak.fi\/en\/wp-json\/wp\/v2\/pages\/38","targetHints":{"allow":["GET"]}}],"collection":[{"href":"https:\/\/youthparticipation.humak.fi\/en\/wp-json\/wp\/v2\/pages"}],"about":[{"href":"https:\/\/youthparticipation.humak.fi\/en\/wp-json\/wp\/v2\/types\/page"}],"author":[{"embeddable":true,"href":"https:\/\/youthparticipation.humak.fi\/en\/wp-json\/wp\/v2\/users\/13"}],"replies":[{"embeddable":true,"href":"https:\/\/youthparticipation.humak.fi\/en\/wp-json\/wp\/v2\/comments?post=38"}],"version-history":[{"count":3,"href":"https:\/\/youthparticipation.humak.fi\/en\/wp-json\/wp\/v2\/pages\/38\/revisions"}],"predecessor-version":[{"id":294,"href":"https:\/\/youthparticipation.humak.fi\/en\/wp-json\/wp\/v2\/pages\/38\/revisions\/294"}],"wp:attachment":[{"href":"https:\/\/youthparticipation.humak.fi\/en\/wp-json\/wp\/v2\/media?parent=38"}],"curies":[{"name":"wp","href":"https:\/\/api.w.org\/{rel}","templated":true}]}}