{"id":40,"date":"2023-04-13T10:11:34","date_gmt":"2023-04-13T07:11:34","guid":{"rendered":"https:\/\/youthparticipation.humak.fi\/news\/"},"modified":"2025-01-07T15:45:03","modified_gmt":"2025-01-07T13:45:03","slug":"news","status":"publish","type":"page","link":"https:\/\/youthparticipation.humak.fi\/en\/news\/","title":{"rendered":"News"},"content":{"rendered":"\n<div style=\"height:100px\" aria-hidden=\"true\" class=\"wp-block-spacer\"><\/div>\n\n\n\n<p class=\"has-x-large-font-size\"><strong>The project has been completed.<\/strong><\/p>\n\n\n\n<p class=\"has-x-large-font-size\"><strong> <\/strong><\/p>\n\n\n\n<p class=\"has-x-large-font-size\"><strong>Thanks to everyone involved!<\/strong><\/p>\n\n\n\n<p><\/p>\n\n\n\n<div style=\"height:100px\" aria-hidden=\"true\" class=\"wp-block-spacer\"><\/div>\n\n\n\n<h2 class=\"wp-block-heading\">Youth Participation project honors the memory of Anita Rubin at the summer seminar of the Finnish Society for Futures Studies 6.-7.9.2024<\/h2>\n\n\n\n<p>Researcher Merja Kylm\u00e4koski presented the project&#8217;s eDelphi experiences with Toni Stubin (Metodix), an eDelphi expert and a collaborator of the project, and shed some light on the preliminary results of the project on September 7th.   <\/p>\n\n\n\n<div style=\"height:100px\" aria-hidden=\"true\" class=\"wp-block-spacer\"><\/div>\n\n\n\n<p class=\"has-x-large-font-size\"><strong>The Youth Participation project at <a href=\"https:\/\/www.nyris2024.fi\/\" data-type=\"link\" data-id=\"https:\/\/www.nyris2024.fi\/\">Nyris<\/a><\/strong> <strong>12-14.6.2024<\/strong><\/p>\n\n\n\n<p>The Youth Participation project is organising the working group &#8220;Youth participation: a prerequisite for a sustainable world&#8221;.<\/p>\n\n\n\n<p>The four sessions of the working group will take place on the 13th and 14th June.<\/p>\n\n\n\n<figure class=\"wp-block-image size-large\"><img loading=\"lazy\" decoding=\"async\" width=\"1024\" height=\"694\" src=\"https:\/\/youthparticipation.humak.fi\/wp-content\/uploads\/sites\/109\/2024\/06\/IMG-20240613-WA0000-1-1024x694.jpg\" alt=\"\" class=\"wp-image-356\" srcset=\"https:\/\/youthparticipation.humak.fi\/wp-content\/uploads\/sites\/109\/2024\/06\/IMG-20240613-WA0000-1-1024x694.jpg 1024w, https:\/\/youthparticipation.humak.fi\/wp-content\/uploads\/sites\/109\/2024\/06\/IMG-20240613-WA0000-1-300x203.jpg 300w, https:\/\/youthparticipation.humak.fi\/wp-content\/uploads\/sites\/109\/2024\/06\/IMG-20240613-WA0000-1-768x521.jpg 768w, https:\/\/youthparticipation.humak.fi\/wp-content\/uploads\/sites\/109\/2024\/06\/IMG-20240613-WA0000-1-1536x1041.jpg 1536w, https:\/\/youthparticipation.humak.fi\/wp-content\/uploads\/sites\/109\/2024\/06\/IMG-20240613-WA0000-1-24x16.jpg 24w, https:\/\/youthparticipation.humak.fi\/wp-content\/uploads\/sites\/109\/2024\/06\/IMG-20240613-WA0000-1-36x24.jpg 36w, https:\/\/youthparticipation.humak.fi\/wp-content\/uploads\/sites\/109\/2024\/06\/IMG-20240613-WA0000-1-48x33.jpg 48w, https:\/\/youthparticipation.humak.fi\/wp-content\/uploads\/sites\/109\/2024\/06\/IMG-20240613-WA0000-1.jpg 2048w\" sizes=\"auto, (max-width: 1024px) 100vw, 1024px\" \/><\/figure>\n\n\n\n<div style=\"height:100px\" aria-hidden=\"true\" class=\"wp-block-spacer\"><\/div>\n\n\n\n<h2 class=\"wp-block-heading\">Meet the Youth Participation project in XXII Annual Conference of Youth Studies 8.11.-9.11.2023<\/h2>\n\n\n\n<p>The Youth Participation project is organising two working groups:<\/p>\n\n\n\n<ul class=\"wp-block-list\">\n<li>Exploring youth participation in various fields of life.<\/li>\n\n\n\n<li>Ihan digisti toivoa! Digitaalisuuden mahdollisuudet osallisuuden lis\u00e4\u00e4misess\u00e4.<\/li>\n<\/ul>\n\n\n\n<p><\/p>\n\n\n\n<p>This year, <a href=\"https:\/\/www.nuorisotutkimusseura.fi\/seminaarit\/nuorisotutkimuspaivat\/nuorisotutkimuspaivat2023#in%20English\" data-type=\"link\" data-id=\"https:\/\/www.nuorisotutkimusseura.fi\/seminaarit\/nuorisotutkimuspaivat\/nuorisotutkimuspaivat2023#in%20English\">Annual Conference of Youth Studies <\/a>takes place in Humak UAS campus in Helsinki. The theme of the conference is Diversity of Hope.<\/p>\n\n\n\n<div style=\"height:100px\" aria-hidden=\"true\" class=\"wp-block-spacer\"><\/div>\n\n\n\n<div style=\"height:100px\" aria-hidden=\"true\" class=\"wp-block-spacer\"><\/div>\n","protected":false},"excerpt":{"rendered":"<p>The project has been completed. Thanks to everyone involved! Youth Participation project honors the memory of Anita Rubin at the summer seminar of the Finnish Society for Futures Studies 6.-7.9.2024 Researcher Merja Kylm\u00e4koski presented the project&#8217;s eDelphi experiences with Toni Stubin (Metodix), an eDelphi expert and a collaborator of the project, and shed some light &hellip;<\/p>\n","protected":false},"author":13,"featured_media":0,"parent":0,"menu_order":0,"comment_status":"closed","ping_status":"closed","template":"template-fullwidth.php","meta":{"_acf_changed":false,"footnotes":""},"class_list":["post-40","page","type-page","status-publish","hentry"],"acf":[],"_links":{"self":[{"href":"https:\/\/youthparticipation.humak.fi\/en\/wp-json\/wp\/v2\/pages\/40","targetHints":{"allow":["GET"]}}],"collection":[{"href":"https:\/\/youthparticipation.humak.fi\/en\/wp-json\/wp\/v2\/pages"}],"about":[{"href":"https:\/\/youthparticipation.humak.fi\/en\/wp-json\/wp\/v2\/types\/page"}],"author":[{"embeddable":true,"href":"https:\/\/youthparticipation.humak.fi\/en\/wp-json\/wp\/v2\/users\/13"}],"replies":[{"embeddable":true,"href":"https:\/\/youthparticipation.humak.fi\/en\/wp-json\/wp\/v2\/comments?post=40"}],"version-history":[{"count":13,"href":"https:\/\/youthparticipation.humak.fi\/en\/wp-json\/wp\/v2\/pages\/40\/revisions"}],"predecessor-version":[{"id":373,"href":"https:\/\/youthparticipation.humak.fi\/en\/wp-json\/wp\/v2\/pages\/40\/revisions\/373"}],"wp:attachment":[{"href":"https:\/\/youthparticipation.humak.fi\/en\/wp-json\/wp\/v2\/media?parent=40"}],"curies":[{"name":"wp","href":"https:\/\/api.w.org\/{rel}","templated":true}]}}